{"id":72,"date":"2021-12-15T12:02:52","date_gmt":"2021-12-15T11:02:52","guid":{"rendered":"https:\/\/homesvithome.se\/?page_id=72"},"modified":"2024-04-03T20:19:23","modified_gmt":"2024-04-03T18:19:23","slug":"integritetspolicy","status":"publish","type":"page","link":"https:\/\/www.homesvithome.se\/?page_id=72","title":{"rendered":"Integritetspolicy"},"content":{"rendered":"\n<p>Giltig fr\u00e5n och med: 2023-02-01<\/p>\n\n\n\n<p><strong>Introduktion<\/strong><\/p>\n\n\n\n<p>P\u00e5 HomeSvITHome respekterar vi din integritet och \u00e4r engagerade i att skydda din personliga information. Denna integritetspolicy f\u00f6rklarar vilken personlig information vi samlar in, varf\u00f6r vi samlar in den, hur vi anv\u00e4nder den och n\u00e4r vi delar den med tredje part. V\u00e5r integritetspolicy beskriver ocks\u00e5 dina r\u00e4ttigheter n\u00e4r det g\u00e4ller din personliga information och hur du kan kontrollera din personliga information.<\/p>\n\n\n\n<p><strong>Information vi samlar in<\/strong><\/p>\n\n\n\n<p>Vi samlar in personlig information fr\u00e5n dig n\u00e4r du anv\u00e4nder v\u00e5ra tj\u00e4nster, skapar ett konto, deltar i unders\u00f6kningar eller p\u00e5 annat s\u00e4tt interagerar med oss. Denna information kan inkludera:<\/p>\n\n\n\n<p>Kontaktinformation, s\u00e5som ditt namn, e-postadress, postadress och telefonnummer<\/p>\n\n\n\n<p>Demografisk information, s\u00e5som din \u00e5lder, k\u00f6n och intressen m.m.<\/p>\n\n\n\n<p>Information om din anv\u00e4ndning av v\u00e5ra tj\u00e4nster, s\u00e5som ditt utnyttjande av olika funktioner i tj\u00e4nsten. Information fr\u00e5n din enhet, s\u00e5som IP-adress, enhetstyp, operativsystem och webbl\u00e4sartyp<\/p>\n\n\n\n<p><\/p>\n\n\n\n<p><strong>Varf\u00f6r vi samlar in information<\/strong><br>Vi samlar in personlig information av f\u00f6ljande sk\u00e4l:<\/p>\n\n\n\n<p>F\u00f6r att erbjuda och f\u00f6rb\u00e4ttra v\u00e5ra tj\u00e4nster och fr\u00e5gor<\/p>\n\n\n\n<p>F\u00f6r att skapa statistik som g\u00f6r att vi f\u00f6rst\u00e5r hur v\u00e5ra anv\u00e4ndare anv\u00e4nder v\u00e5ra tj\u00e4nster och f\u00f6r att f\u00f6rb\u00e4ttra v\u00e5ra tj\u00e4nster i enlighet med det<\/p>\n\n\n\n<p>Hur vi anv\u00e4nder information<br>Vi anv\u00e4nder personlig information f\u00f6r att:<\/p>\n\n\n\n<p>F\u00f6rb\u00e4ttra v\u00e5ra tj\u00e4nster<\/p>\n\n\n\n<p>Och st\u00e4lla v\u00e5ra fr\u00e5gor med h\u00f6gre precision till dig<\/p>\n\n\n\n<p><strong>Avregistrering<\/strong><\/p>\n\n\n\n<p>Om du \u00e4r anv\u00e4ndare och vill avregistrera dig kan du g\u00f6ra det under menyvalet till v\u00e4nster i appens vilol\u00e4ge. D\u00e5 kommer alla dina uppgifter att rensas direkt. Ett annat s\u00e4tt \u00e4r f\u00f6rst\u00e5s att du mailar till oss <a href=\"mailto:info@homesvithome.se\" title=\"info@homesvithome.se\">info@homesvithome.se<\/a> och beg\u00e4r uttr\u00e4de. Vi konfirmerar med ett svarsmail n\u00e4r du \u00e4r borttagen.<\/p>\n\n\n\n<p>Med v\u00e4nlig h\u00e4lsning<\/p>\n\n\n\n<p>Ulf Wilhelmsson<\/p>\n\n\n\n<p>e-post: <a href=\"mailto:ulf.wilhelmsson@homesvithome.se\">ulf.wilhelmsson@homesvithome.se<\/a><\/p>\n\n\n\n<p>Projektledare \/ medgrundare<\/p>\n\n\n\n<p><\/p>\n","protected":false},"excerpt":{"rendered":"<p>Giltig fr\u00e5n och med: 2023-02-01 Introduktion P\u00e5 HomeSvITHome respekterar vi din integritet och \u00e4r engagerade i att skydda din personliga information. Denna integritetspolicy f\u00f6rklarar vilken personlig information vi samlar in, varf\u00f6r vi samlar in den, hur vi anv\u00e4nder den och n\u00e4r vi delar den med tredje part. V\u00e5r integritetspolicy beskriver ocks\u00e5 dina r\u00e4ttigheter n\u00e4r det &#8230; <a title=\"Integritetspolicy\" class=\"read-more\" href=\"https:\/\/www.homesvithome.se\/?page_id=72\" aria-label=\"More on Integritetspolicy\">Read more<\/a><\/p>\n","protected":false},"author":1,"featured_media":0,"parent":0,"menu_order":0,"comment_status":"closed","ping_status":"closed","template":"","meta":{"_uf_show_specific_survey":0,"_uf_disable_surveys":false,"footnotes":""},"aioseo_notices":[],"_links":{"self":[{"href":"https:\/\/www.homesvithome.se\/index.php?rest_route=\/wp\/v2\/pages\/72"}],"collection":[{"href":"https:\/\/www.homesvithome.se\/index.php?rest_route=\/wp\/v2\/pages"}],"about":[{"href":"https:\/\/www.homesvithome.se\/index.php?rest_route=\/wp\/v2\/types\/page"}],"author":[{"embeddable":true,"href":"https:\/\/www.homesvithome.se\/index.php?rest_route=\/wp\/v2\/users\/1"}],"replies":[{"embeddable":true,"href":"https:\/\/www.homesvithome.se\/index.php?rest_route=%2Fwp%2Fv2%2Fcomments&post=72"}],"version-history":[{"count":5,"href":"https:\/\/www.homesvithome.se\/index.php?rest_route=\/wp\/v2\/pages\/72\/revisions"}],"predecessor-version":[{"id":145,"href":"https:\/\/www.homesvithome.se\/index.php?rest_route=\/wp\/v2\/pages\/72\/revisions\/145"}],"wp:attachment":[{"href":"https:\/\/www.homesvithome.se\/index.php?rest_route=%2Fwp%2Fv2%2Fmedia&parent=72"}],"curies":[{"name":"wp","href":"https:\/\/api.w.org\/{rel}","templated":true}]}}